{"id":620,"date":"2024-08-10T07:32:52","date_gmt":"2024-08-10T07:32:52","guid":{"rendered":"https:\/\/startersites.io\/elementor\/consultant\/?page_id=620"},"modified":"2025-03-03T12:58:58","modified_gmt":"2025-03-03T12:58:58","slug":"iletisim","status":"publish","type":"page","link":"https:\/\/alldock.com.tr\/index.php\/iletisim\/","title":{"rendered":"\u0130leti\u015fim"},"content":{"rendered":"\t\t<div data-elementor-type=\"wp-page\" data-elementor-id=\"620\" class=\"elementor elementor-620\" data-elementor-post-type=\"page\">\n\t\t\t\t<div class=\"elementor-element elementor-element-cd7365f e-flex e-con-boxed e-con e-parent\" data-id=\"cd7365f\" data-element_type=\"container\">\n\t\t\t\t\t<div class=\"e-con-inner\">\n\t\t\t\t<div class=\"elementor-element elementor-element-b03dd2f elementor-widget elementor-widget-heading\" data-id=\"b03dd2f\" data-element_type=\"widget\" data-widget_type=\"heading.default\">\n\t\t\t\t<div class=\"elementor-widget-container\">\n\t\t\t\t\t<h1 class=\"elementor-heading-title elementor-size-default\">\u0130LET\u0130\u015e\u0130M<\/h1>\t\t\t\t<\/div>\n\t\t\t\t<\/div>\n\t\t\t\t\t<\/div>\n\t\t\t\t<\/div>\n\t\t<div class=\"elementor-element elementor-element-8bc41a3 e-flex e-con-boxed e-con e-parent\" data-id=\"8bc41a3\" data-element_type=\"container\">\n\t\t\t\t\t<div class=\"e-con-inner\">\n\t\t<div class=\"elementor-element elementor-element-874920f e-con-full e-flex e-con e-child\" data-id=\"874920f\" data-element_type=\"container\">\n\t\t\t\t<div class=\"elementor-element elementor-element-6ac8e64 elementor-widget__width-initial elementor-widget elementor-widget-image\" data-id=\"6ac8e64\" data-element_type=\"widget\" data-widget_type=\"image.default\">\n\t\t\t\t<div class=\"elementor-widget-container\">\n\t\t\t\t\t\t\t\t\t\t\t\t\t\t\t<img fetchpriority=\"high\" decoding=\"async\" width=\"603\" height=\"620\" src=\"https:\/\/alldock.com.tr\/wp-content\/uploads\/2025\/02\/home2.jpg\" class=\"attachment-large size-large wp-image-1572\" alt=\"\" srcset=\"https:\/\/alldock.com.tr\/wp-content\/uploads\/2025\/02\/home2.jpg 603w, https:\/\/alldock.com.tr\/wp-content\/uploads\/2025\/02\/home2-292x300.jpg 292w, https:\/\/alldock.com.tr\/wp-content\/uploads\/2025\/02\/home2-200x206.jpg 200w\" sizes=\"(max-width: 603px) 100vw, 603px\" \/>\t\t\t\t\t\t\t\t\t\t\t\t\t\t\t<\/div>\n\t\t\t\t<\/div>\n\t\t\t\t<div class=\"elementor-element elementor-element-b45adfb elementor-widget elementor-widget-text-editor\" data-id=\"b45adfb\" data-element_type=\"widget\" data-widget_type=\"text-editor.default\">\n\t\t\t\t<div class=\"elementor-widget-container\">\n\t\t\t\t\t\t\t\t\t<p><a href=\"tel:+90 536 634 03 35\"><strong>+90 536 634 03 35<\/strong><\/a><br \/><a href=\"mailto:info@alldock.com.tr\">info@alldock.com.tr<\/a><\/p>\t\t\t\t\t\t\t\t<\/div>\n\t\t\t\t<\/div>\n\t\t\t\t<div class=\"elementor-element elementor-element-f5ee4a2 elementor-widget elementor-widget-text-editor\" data-id=\"f5ee4a2\" data-element_type=\"widget\" data-widget_type=\"text-editor.default\">\n\t\t\t\t<div class=\"elementor-widget-container\">\n\t\t\t\t\t\t\t\t\t<p><strong>Egemenlik mah. Ayd\u0131nlar Cd. No: 43<\/strong><br \/><strong>Bornova \/ I\u0307ZM\u0130R \/ T\u00dcRK\u0130YE<\/strong><\/p>\t\t\t\t\t\t\t\t<\/div>\n\t\t\t\t<\/div>\n\t\t\t\t<\/div>\n\t\t<div class=\"elementor-element elementor-element-28525c9 e-con-full e-flex e-con e-child\" data-id=\"28525c9\" data-element_type=\"container\">\n\t\t\t\t<div class=\"elementor-element elementor-element-e0be943 elementor-widget elementor-widget-shortcode\" data-id=\"e0be943\" data-element_type=\"widget\" data-widget_type=\"shortcode.default\">\n\t\t\t\t<div class=\"elementor-widget-container\">\n\t\t\t\t\t\t\t<div class=\"elementor-shortcode\"><div class=\"wpforms-container wpforms-render-modern\" id=\"wpforms-1508\"><form id=\"wpforms-form-1508\" class=\"wpforms-validate wpforms-form wpforms-ajax-form\" data-formid=\"1508\" method=\"post\" enctype=\"multipart\/form-data\" action=\"\/index.php\/wp-json\/wp\/v2\/pages\/620\" data-token=\"1cc9b443f58035e67661e249699ae38d\" data-token-time=\"1776495758\"><noscript class=\"wpforms-error-noscript\">Bu formu bitirebilmek i\u00e7in taray\u0131c\u0131n\u0131zda JavaScript&#039;i etkinle\u015ftirin.<\/noscript><div class=\"wpforms-hidden\" id=\"wpforms-error-noscript\">Bu formu bitirebilmek i\u00e7in taray\u0131c\u0131n\u0131zda JavaScript&#039;i etkinle\u015ftirin.<\/div><div class=\"wpforms-field-container\"><div id=\"wpforms-1508-field_1-container\" class=\"wpforms-field wpforms-field-name\" data-field-id=\"1\"><fieldset><legend class=\"wpforms-field-label\">\u0130sim <span class=\"wpforms-required-label\" aria-hidden=\"true\">*<\/span><\/legend><div class=\"wpforms-field-row wpforms-field-large\"><div class=\"wpforms-field-row-block wpforms-first wpforms-one-half\"><input type=\"text\" id=\"wpforms-1508-field_1\" class=\"wpforms-field-name-first wpforms-field-required\" name=\"wpforms[fields][1][first]\" aria-errormessage=\"wpforms-1508-field_1-error\" required><label for=\"wpforms-1508-field_1\" class=\"wpforms-field-sublabel after\">Ad<\/label><\/div><div class=\"wpforms-field-row-block wpforms-one-half\"><input type=\"text\" id=\"wpforms-1508-field_1-last\" class=\"wpforms-field-name-last wpforms-field-required\" name=\"wpforms[fields][1][last]\" aria-errormessage=\"wpforms-1508-field_1-last-error\" required><label for=\"wpforms-1508-field_1-last\" class=\"wpforms-field-sublabel after\">Soyad<\/label><\/div><\/div><\/fieldset><\/div><div id=\"wpforms-1508-field_8-container\" class=\"wpforms-field wpforms-field-email\" data-field-id=\"8\"><label class=\"wpforms-field-label\" for=\"wpforms-1508-field_8\">Email <span class=\"wpforms-required-label\" aria-hidden=\"true\">*<\/span><\/label><input type=\"email\" id=\"wpforms-1508-field_8\" class=\"wpforms-field-large wpforms-field-required\" name=\"wpforms[fields][8]\" spellcheck=\"false\" aria-errormessage=\"wpforms-1508-field_8-error\" required><\/div><div id=\"wpforms-1508-field_10-container\" class=\"wpforms-field wpforms-field-number\" data-field-id=\"10\"><label class=\"wpforms-field-label\" for=\"wpforms-1508-field_10\">Telefon<\/label><input type=\"number\" id=\"wpforms-1508-field_10\" class=\"wpforms-field-large\" name=\"wpforms[fields][10]\" aria-errormessage=\"wpforms-1508-field_10-error\" ><\/div><div id=\"wpforms-1508-field_6-container\" class=\"wpforms-field wpforms-field-select wpforms-field-select-style-classic\" data-field-id=\"6\"><label class=\"wpforms-field-label\" for=\"wpforms-1508-field_6\">Hizmetler<\/label><select id=\"wpforms-1508-field_6\" class=\"wpforms-field-large\" name=\"wpforms[fields][6]\"><option value=\"Karayol Ta\u015f\u0131mac\u0131l\u0131\u011f\u0131\" >Karayol Ta\u015f\u0131mac\u0131l\u0131\u011f\u0131<\/option><option value=\"Denizyolu Ta\u015f\u0131mac\u0131l\u0131\u011f\u0131\" >Denizyolu Ta\u015f\u0131mac\u0131l\u0131\u011f\u0131<\/option><option value=\"Havayolu Ta\u015f\u0131mac\u0131l\u0131\u011f\u0131\" >Havayolu Ta\u015f\u0131mac\u0131l\u0131\u011f\u0131<\/option><option value=\"G\u00fcmr\u00fckleme ve Dan\u0131\u015fmanl\u0131k\" >G\u00fcmr\u00fckleme ve Dan\u0131\u015fmanl\u0131k<\/option><option value=\"Depolama ve Da\u011f\u0131t\u0131m\" >Depolama ve Da\u011f\u0131t\u0131m<\/option><option value=\"Uluslararas\u0131 Ta\u015f\u0131mac\u0131l\u0131k\" >Uluslararas\u0131 Ta\u015f\u0131mac\u0131l\u0131k<\/option><option value=\"ADR&#039;li Y\u00fck Ta\u015f\u0131mac\u0131l\u0131\u011f\u0131\" >ADR&#039;li Y\u00fck Ta\u015f\u0131mac\u0131l\u0131\u011f\u0131<\/option><\/select><\/div><div id=\"wpforms-1508-field_7-container\" class=\"wpforms-field wpforms-field-textarea\" data-field-id=\"7\"><label class=\"wpforms-field-label\" for=\"wpforms-1508-field_7\">A\u00e7\u0131klama<\/label><textarea id=\"wpforms-1508-field_7\" class=\"wpforms-field-medium\" name=\"wpforms[fields][7]\" aria-errormessage=\"wpforms-1508-field_7-error\" ><\/textarea><\/div><\/div><!-- .wpforms-field-container --><div class=\"wpforms-submit-container\" ><input type=\"hidden\" name=\"wpforms[id]\" value=\"1508\"><input type=\"hidden\" name=\"page_title\" value=\"\"><input type=\"hidden\" name=\"page_url\" value=\"https:\/\/alldock.com.tr\/index.php\/wp-json\/wp\/v2\/pages\/620\"><button type=\"submit\" name=\"wpforms[submit]\" id=\"wpforms-submit-1508\" class=\"wpforms-submit\" data-alt-text=\"G\u00f6nderiliyor ...\" data-submit-text=\"G\u00f6nder\" aria-live=\"assertive\" value=\"wpforms-submit\">G\u00f6nder<\/button><img decoding=\"async\" src=\"https:\/\/alldock.com.tr\/wp-content\/plugins\/wpforms-lite\/assets\/images\/submit-spin.svg\" class=\"wpforms-submit-spinner\" style=\"display: none;\" width=\"26\" height=\"26\" alt=\"Y\u00fckleniyor\"><\/div><\/form><\/div>  <!-- .wpforms-container -->\t<\/div>\n\t\t\t\t\t\t<\/div>\n\t\t\t\t<\/div>\n\t\t\t\t<\/div>\n\t\t\t\t\t<\/div>\n\t\t\t\t<\/div>\n\t\t<div class=\"elementor-element elementor-element-4598678 e-con-full e-flex e-con e-parent\" data-id=\"4598678\" data-element_type=\"container\">\n\t\t\t\t<div class=\"elementor-element elementor-element-064215b elementor-widget elementor-widget-google_maps\" data-id=\"064215b\" data-element_type=\"widget\" data-widget_type=\"google_maps.default\">\n\t\t\t\t<div class=\"elementor-widget-container\">\n\t\t\t\t\t\t\t<div class=\"elementor-custom-embed\">\n\t\t\t<iframe loading=\"lazy\"\n\t\t\t\t\tsrc=\"https:\/\/maps.google.com\/maps?q=Egemenlik%20mh.%20Ayd%C4%B1nlar%20Cd.%20No%3A%2043%20Bornova%2FI%CC%87zmir&#038;t=m&#038;z=17&#038;output=embed&#038;iwloc=near\"\n\t\t\t\t\ttitle=\"Egemenlik mh. Ayd\u0131nlar Cd. No: 43 Bornova\/I\u0307zmir\"\n\t\t\t\t\taria-label=\"Egemenlik mh. Ayd\u0131nlar Cd. No: 43 Bornova\/I\u0307zmir\"\n\t\t\t><\/iframe>\n\t\t<\/div>\n\t\t\t\t\t\t<\/div>\n\t\t\t\t<\/div>\n\t\t\t\t<\/div>\n\t\t<div class=\"elementor-element elementor-element-d2e9206 e-con-full e-flex e-con e-parent\" data-id=\"d2e9206\" data-element_type=\"container\">\n\t\t\t\t<div class=\"elementor-element elementor-element-1df0773 elementor-widget elementor-widget-heading\" data-id=\"1df0773\" data-element_type=\"widget\" data-widget_type=\"heading.default\">\n\t\t\t\t<div class=\"elementor-widget-container\">\n\t\t\t\t\t<div class=\"elementor-heading-title elementor-size-default\">Uluslararas\u0131 Lojistik Hizmetine Dair <br>Arad\u0131\u011f\u0131n\u0131z Her \u015eey..\n\n<\/div>\t\t\t\t<\/div>\n\t\t\t\t<\/div>\n\t\t\t\t<\/div>\n\t\t\t\t<\/div>\n\t\t","protected":false},"excerpt":{"rendered":"<p>\u0130LET\u0130\u015e\u0130M +90 536 634 03 35info@alldock.com.tr Egemenlik mah. Ayd\u0131nlar Cd. No: 43Bornova \/ I\u0307ZM\u0130R \/ T\u00dcRK\u0130YE Uluslararas\u0131 Lojistik Hizmetine Dair Arad\u0131\u011f\u0131n\u0131z Her \u015eey..<\/p>\n","protected":false},"author":1,"featured_media":0,"parent":0,"menu_order":0,"comment_status":"closed","ping_status":"closed","template":"","meta":{"footnotes":""},"class_list":["post-620","page","type-page","status-publish","hentry"],"blocksy_meta":{"has_hero_section":"disabled","styles_descriptor":{"styles":{"desktop":"","tablet":"","mobile":""},"google_fonts":[],"version":6}},"_links":{"self":[{"href":"https:\/\/alldock.com.tr\/index.php\/wp-json\/wp\/v2\/pages\/620","targetHints":{"allow":["GET"]}}],"collection":[{"href":"https:\/\/alldock.com.tr\/index.php\/wp-json\/wp\/v2\/pages"}],"about":[{"href":"https:\/\/alldock.com.tr\/index.php\/wp-json\/wp\/v2\/types\/page"}],"author":[{"embeddable":true,"href":"https:\/\/alldock.com.tr\/index.php\/wp-json\/wp\/v2\/users\/1"}],"replies":[{"embeddable":true,"href":"https:\/\/alldock.com.tr\/index.php\/wp-json\/wp\/v2\/comments?post=620"}],"version-history":[{"count":38,"href":"https:\/\/alldock.com.tr\/index.php\/wp-json\/wp\/v2\/pages\/620\/revisions"}],"predecessor-version":[{"id":1695,"href":"https:\/\/alldock.com.tr\/index.php\/wp-json\/wp\/v2\/pages\/620\/revisions\/1695"}],"wp:attachment":[{"href":"https:\/\/alldock.com.tr\/index.php\/wp-json\/wp\/v2\/media?parent=620"}],"curies":[{"name":"wp","href":"https:\/\/api.w.org\/{rel}","templated":true}]}}