{"id":616,"date":"2024-08-10T07:32:26","date_gmt":"2024-08-10T07:32:26","guid":{"rendered":"https:\/\/startersites.io\/elementor\/consultant\/?page_id=616"},"modified":"2025-03-04T12:19:17","modified_gmt":"2025-03-04T12:19:17","slug":"hakkimizda","status":"publish","type":"page","link":"https:\/\/alldock.com.tr\/index.php\/hakkimizda\/","title":{"rendered":"Hakk\u0131m\u0131zda"},"content":{"rendered":"\t\t<div data-elementor-type=\"wp-page\" data-elementor-id=\"616\" class=\"elementor elementor-616\" data-elementor-post-type=\"page\">\n\t\t\t\t<div class=\"elementor-element elementor-element-40f4236 e-flex e-con-boxed e-con e-parent\" data-id=\"40f4236\" data-element_type=\"container\">\n\t\t\t\t\t<div class=\"e-con-inner\">\n\t\t\t\t<div class=\"elementor-element elementor-element-14ba174 elementor-widget elementor-widget-heading\" data-id=\"14ba174\" data-element_type=\"widget\" data-widget_type=\"heading.default\">\n\t\t\t\t<div class=\"elementor-widget-container\">\n\t\t\t\t\t<h1 class=\"elementor-heading-title elementor-size-default\">HAKKIMIZDA<\/h1>\t\t\t\t<\/div>\n\t\t\t\t<\/div>\n\t\t\t\t\t<\/div>\n\t\t\t\t<\/div>\n\t\t<div class=\"elementor-element elementor-element-b8212c1 e-flex e-con-boxed e-con e-parent\" data-id=\"b8212c1\" data-element_type=\"container\">\n\t\t\t\t\t<div class=\"e-con-inner\">\n\t\t<div class=\"elementor-element elementor-element-f3d23b3 e-con-full e-flex e-con e-child\" data-id=\"f3d23b3\" data-element_type=\"container\">\n\t\t<div class=\"elementor-element elementor-element-c597c9c e-con-full e-flex e-con e-child\" data-id=\"c597c9c\" data-element_type=\"container\">\n\t\t\t\t<div class=\"elementor-element elementor-element-5434eac elementor-widget elementor-widget-image\" data-id=\"5434eac\" data-element_type=\"widget\" data-widget_type=\"image.default\">\n\t\t\t\t<div class=\"elementor-widget-container\">\n\t\t\t\t\t\t\t\t\t\t\t\t\t\t\t<img fetchpriority=\"high\" decoding=\"async\" width=\"603\" height=\"620\" src=\"https:\/\/alldock.com.tr\/wp-content\/uploads\/2025\/02\/home1.jpg\" class=\"attachment-large size-large wp-image-1254\" alt=\"\" srcset=\"https:\/\/alldock.com.tr\/wp-content\/uploads\/2025\/02\/home1.jpg 603w, https:\/\/alldock.com.tr\/wp-content\/uploads\/2025\/02\/home1-292x300.jpg 292w, https:\/\/alldock.com.tr\/wp-content\/uploads\/2025\/02\/home1-200x206.jpg 200w\" sizes=\"(max-width: 603px) 100vw, 603px\" \/>\t\t\t\t\t\t\t\t\t\t\t\t\t\t\t<\/div>\n\t\t\t\t<\/div>\n\t\t\t\t<\/div>\n\t\t<div class=\"elementor-element elementor-element-f1340cc e-con-full e-flex e-con e-child\" data-id=\"f1340cc\" data-element_type=\"container\">\n\t\t<div class=\"elementor-element elementor-element-1ceaff7 e-con-full e-flex e-con e-child\" data-id=\"1ceaff7\" data-element_type=\"container\">\n\t\t\t\t<div class=\"elementor-element elementor-element-8684e0d elementor-widget elementor-widget-text-editor\" data-id=\"8684e0d\" data-element_type=\"widget\" data-widget_type=\"text-editor.default\">\n\t\t\t\t<div class=\"elementor-widget-container\">\n\t\t\t\t\t\t\t\t\t<p>KURUMSAL<\/p>\t\t\t\t\t\t\t\t<\/div>\n\t\t\t\t<\/div>\n\t\t\t\t<div class=\"elementor-element elementor-element-90ea4c1 elementor-widget elementor-widget-heading\" data-id=\"90ea4c1\" data-element_type=\"widget\" data-widget_type=\"heading.default\">\n\t\t\t\t<div class=\"elementor-widget-container\">\n\t\t\t\t\t<h2 class=\"elementor-heading-title elementor-size-default\">ALL DOCK Nakliyat<\/h2>\t\t\t\t<\/div>\n\t\t\t\t<\/div>\n\t\t\t\t<div class=\"elementor-element elementor-element-b08e214 elementor-widget elementor-widget-text-editor\" data-id=\"b08e214\" data-element_type=\"widget\" data-widget_type=\"text-editor.default\">\n\t\t\t\t<div class=\"elementor-widget-container\">\n\t\t\t\t\t\t\t\t\t<p>ALLDOCK Nakliyat olarak, d\u0131\u015f t\u0131caret sekt\u00f6r\u00fcndeki uzun y\u0131llara dayanan deneyimimizi, yenilik\u00e7i bir bak\u0131\u015f a\u00e7\u0131s\u0131yla birle\u015ftirerek yeni bir ba\u015flang\u0131\u00e7 yapt\u0131k. \u015eirketimiz hen\u00fcz yeni kuruldu, ancak her bir ekibimizin \u00fcyesi, uluslararas\u0131 lojistik hizmetlerinde geni\u015f bir birikime ve sekt\u00f6re dair derinlemesine bilgiye sahip profesyonellerden olu\u015fuyor.<\/p><p>Karayolu, denizyolu ve havayolu ta\u015f\u0131mac\u0131l\u0131\u011f\u0131 gibi \u00e7e\u015fitli alanlarda hizmet verirken, m\u00fc\u015fteri memnuniyetini her zaman \u00f6n planda tutuyoruz.<\/p><p>G\u00fcmr\u00fck dan\u0131\u015fmanl\u0131\u011f\u0131 ile entegre \u00e7al\u0131\u015farak, her i\u015fbirli\u011fimizde y\u00fcklerinizi en do\u011fru ve en h\u0131zl\u0131 \u015fekilde teslim etmeyi ama\u00e7l\u0131yoruz. Gen\u00e7 ve dinamik bir ekiple, h\u0131zla geli\u015fen lojistik sekt\u00f6r\u00fcne ayak uyduruyor ve her ge\u00e7en g\u00fcn kendimizi daha da geli\u015ftiriyoruz.<\/p>\t\t\t\t\t\t\t\t<\/div>\n\t\t\t\t<\/div>\n\t\t\t\t<div class=\"elementor-element elementor-element-50ab70e elementor-widget elementor-widget-image\" data-id=\"50ab70e\" data-element_type=\"widget\" data-widget_type=\"image.default\">\n\t\t\t\t<div class=\"elementor-widget-container\">\n\t\t\t\t\t\t\t\t\t\t\t\t\t\t\t<img decoding=\"async\" width=\"300\" height=\"138\" src=\"https:\/\/alldock.com.tr\/wp-content\/uploads\/2025\/02\/imza.png\" class=\"attachment-large size-large wp-image-1294\" alt=\"\" srcset=\"https:\/\/alldock.com.tr\/wp-content\/uploads\/2025\/02\/imza.png 300w, https:\/\/alldock.com.tr\/wp-content\/uploads\/2025\/02\/imza-200x92.png 200w\" sizes=\"(max-width: 300px) 100vw, 300px\" \/>\t\t\t\t\t\t\t\t\t\t\t\t\t\t\t<\/div>\n\t\t\t\t<\/div>\n\t\t<div class=\"elementor-element elementor-element-fac2ee3 e-con-full e-flex e-con e-child\" data-id=\"fac2ee3\" data-element_type=\"container\">\n\t\t\t\t<div class=\"elementor-element elementor-element-7a9d23a elementor-widget elementor-widget-button\" data-id=\"7a9d23a\" data-element_type=\"widget\" data-widget_type=\"button.default\">\n\t\t\t\t<div class=\"elementor-widget-container\">\n\t\t\t\t\t\t\t\t\t<div class=\"elementor-button-wrapper\">\n\t\t\t\t\t<a class=\"elementor-button elementor-button-link elementor-size-sm\" href=\"https:\/\/alldock.com.tr\/index.php\/portfolio\/karayolu-tasimaciligi\/\">\n\t\t\t\t\t\t<span class=\"elementor-button-content-wrapper\">\n\t\t\t\t\t\t\t\t\t<span class=\"elementor-button-text\">Hizmetlerimiz<\/span>\n\t\t\t\t\t<\/span>\n\t\t\t\t\t<\/a>\n\t\t\t\t<\/div>\n\t\t\t\t\t\t\t\t<\/div>\n\t\t\t\t<\/div>\n\t\t\t\t<\/div>\n\t\t\t\t<\/div>\n\t\t\t\t<\/div>\n\t\t\t\t<\/div>\n\t\t\t\t\t<\/div>\n\t\t\t\t<\/div>\n\t\t<div class=\"elementor-element elementor-element-fb9663e e-flex e-con-boxed e-con e-parent\" data-id=\"fb9663e\" data-element_type=\"container\">\n\t\t\t\t\t<div class=\"e-con-inner\">\n\t\t<div class=\"elementor-element elementor-element-c72ad10 e-con-full ct-hover-box e-flex e-con e-child\" data-id=\"c72ad10\" data-element_type=\"container\" data-settings=\"{&quot;background_background&quot;:&quot;classic&quot;}\">\n\t\t<div class=\"elementor-element elementor-element-7bccb88 e-con-full e-flex e-con e-child\" data-id=\"7bccb88\" data-element_type=\"container\">\n\t\t\t\t<div class=\"elementor-element elementor-element-1567b35 elementor-vertical-align-middle elementor-widget elementor-widget-image-box\" data-id=\"1567b35\" data-element_type=\"widget\" data-widget_type=\"image-box.default\">\n\t\t\t\t<div class=\"elementor-widget-container\">\n\t\t\t\t\t<div class=\"elementor-image-box-wrapper\"><div class=\"elementor-image-box-content\"><h3 class=\"elementor-image-box-title\">V\u0130ZYONUMUZ<\/h3><p class=\"elementor-image-box-description\">Alldock Nakliyat olarak vizyonumuz, lojistik partneriniz olmak ve sekt\u00f6rdeki lider konumumuzu kalitemizle peki\u015ftirmektir. M\u00fc\u015fterilerimize g\u00fcvenli, zaman\u0131nda teslimat ve her zaman \u00e7\u00f6z\u00fcm sunarak onlar\u0131n lojistik ihtiya\u00e7lar\u0131n\u0131 en iyi \u015fekilde kar\u015f\u0131lamay\u0131 hedefliyoruz. <\/p><\/div><\/div>\t\t\t\t<\/div>\n\t\t\t\t<\/div>\n\t\t\t\t<\/div>\n\t\t\t\t<\/div>\n\t\t<div class=\"elementor-element elementor-element-7f9c048 e-con-full ct-hover-box e-flex e-con e-child\" data-id=\"7f9c048\" data-element_type=\"container\" data-settings=\"{&quot;background_background&quot;:&quot;classic&quot;}\">\n\t\t<div class=\"elementor-element elementor-element-403cb33 e-con-full e-flex e-con e-child\" data-id=\"403cb33\" data-element_type=\"container\">\n\t\t\t\t<div class=\"elementor-element elementor-element-e0492db elementor-vertical-align-middle elementor-widget elementor-widget-image-box\" data-id=\"e0492db\" data-element_type=\"widget\" data-widget_type=\"image-box.default\">\n\t\t\t\t<div class=\"elementor-widget-container\">\n\t\t\t\t\t<div class=\"elementor-image-box-wrapper\"><div class=\"elementor-image-box-content\"><h3 class=\"elementor-image-box-title\">M\u0130SYONUMUZ<\/h3><p class=\"elementor-image-box-description\">M\u00fc\u015fterilerimize ve i\u015f ortaklar\u0131m\u0131za profesyonel hizmet vererek onlara de\u011fer katmay\u0131 ilke edinmi\u015f bir firmay\u0131z. Bizimle \u00e7al\u0131\u015ft\u0131\u011f\u0131n\u0131zda, sadece bir hizmet almaz, g\u00fcvenilir bir i\u015f orta\u011f\u0131 kazan\u0131rs\u0131n\u0131z. Alldock Nakliyat ailesine kat\u0131ld\u0131\u011f\u0131n\u0131z i\u00e7in te\u015fekk\u00fcr ederiz.<\/p><\/div><\/div>\t\t\t\t<\/div>\n\t\t\t\t<\/div>\n\t\t\t\t<\/div>\n\t\t\t\t<\/div>\n\t\t\t\t\t<\/div>\n\t\t\t\t<\/div>\n\t\t<div class=\"elementor-element elementor-element-6312f85 e-flex e-con-boxed e-con e-parent\" data-id=\"6312f85\" data-element_type=\"container\" data-settings=\"{&quot;background_background&quot;:&quot;classic&quot;}\">\n\t\t\t\t\t<div class=\"e-con-inner\">\n\t\t\t\t<div class=\"elementor-element elementor-element-f65efd4 elementor-widget elementor-widget-heading\" data-id=\"f65efd4\" data-element_type=\"widget\" data-widget_type=\"heading.default\">\n\t\t\t\t<div class=\"elementor-widget-container\">\n\t\t\t\t\t<h2 class=\"elementor-heading-title elementor-size-default\">Partnerlerimiz<\/h2>\t\t\t\t<\/div>\n\t\t\t\t<\/div>\n\t\t\t\t\t<\/div>\n\t\t\t\t<\/div>\n\t\t<div class=\"elementor-element elementor-element-a5c7f43 e-flex e-con-boxed e-con e-parent\" data-id=\"a5c7f43\" data-element_type=\"container\">\n\t\t\t\t\t<div class=\"e-con-inner\">\n\t\t\t\t<div class=\"elementor-element elementor-element-8b3c91b elementor-arrows-position-inside elementor-pagination-position-outside elementor-widget elementor-widget-image-carousel\" data-id=\"8b3c91b\" data-element_type=\"widget\" data-settings=\"{&quot;slides_to_scroll&quot;:&quot;3&quot;,&quot;autoplay_speed&quot;:2000,&quot;navigation&quot;:&quot;both&quot;,&quot;autoplay&quot;:&quot;yes&quot;,&quot;pause_on_hover&quot;:&quot;yes&quot;,&quot;pause_on_interaction&quot;:&quot;yes&quot;,&quot;infinite&quot;:&quot;yes&quot;,&quot;speed&quot;:500}\" data-widget_type=\"image-carousel.default\">\n\t\t\t\t<div class=\"elementor-widget-container\">\n\t\t\t\t\t\t\t<div class=\"elementor-image-carousel-wrapper swiper\" role=\"region\" aria-roledescription=\"carousel\" aria-label=\"Resim D\u00f6ng\u00fcs\u00fc\" dir=\"ltr\">\n\t\t\t<div class=\"elementor-image-carousel swiper-wrapper\" aria-live=\"off\">\n\t\t\t\t\t\t\t\t<div class=\"swiper-slide\" role=\"group\" aria-roledescription=\"slide\" aria-label=\"1 \/ 9\"><figure class=\"swiper-slide-inner\"><img decoding=\"async\" class=\"swiper-slide-image\" src=\"https:\/\/alldock.com.tr\/wp-content\/uploads\/2025\/03\/partner0.jpg\" alt=\"partner0\" \/><\/figure><\/div><div class=\"swiper-slide\" role=\"group\" aria-roledescription=\"slide\" aria-label=\"2 \/ 9\"><figure class=\"swiper-slide-inner\"><img decoding=\"async\" class=\"swiper-slide-image\" src=\"https:\/\/alldock.com.tr\/wp-content\/uploads\/2025\/03\/partner1.jpg\" alt=\"partner1\" \/><\/figure><\/div><div class=\"swiper-slide\" role=\"group\" aria-roledescription=\"slide\" aria-label=\"3 \/ 9\"><figure class=\"swiper-slide-inner\"><img decoding=\"async\" class=\"swiper-slide-image\" src=\"https:\/\/alldock.com.tr\/wp-content\/uploads\/2025\/03\/partner2.jpg\" alt=\"partner2\" \/><\/figure><\/div><div class=\"swiper-slide\" role=\"group\" aria-roledescription=\"slide\" aria-label=\"4 \/ 9\"><figure class=\"swiper-slide-inner\"><img decoding=\"async\" class=\"swiper-slide-image\" src=\"https:\/\/alldock.com.tr\/wp-content\/uploads\/2025\/03\/partner3.jpg\" alt=\"partner3\" \/><\/figure><\/div><div class=\"swiper-slide\" role=\"group\" aria-roledescription=\"slide\" aria-label=\"5 \/ 9\"><figure class=\"swiper-slide-inner\"><img decoding=\"async\" class=\"swiper-slide-image\" src=\"https:\/\/alldock.com.tr\/wp-content\/uploads\/2025\/03\/partner4.jpg\" alt=\"partner4\" \/><\/figure><\/div><div class=\"swiper-slide\" role=\"group\" aria-roledescription=\"slide\" aria-label=\"6 \/ 9\"><figure class=\"swiper-slide-inner\"><img decoding=\"async\" class=\"swiper-slide-image\" src=\"https:\/\/alldock.com.tr\/wp-content\/uploads\/2025\/03\/partner5.jpg\" alt=\"partner5\" \/><\/figure><\/div><div class=\"swiper-slide\" role=\"group\" aria-roledescription=\"slide\" aria-label=\"7 \/ 9\"><figure class=\"swiper-slide-inner\"><img decoding=\"async\" class=\"swiper-slide-image\" src=\"https:\/\/alldock.com.tr\/wp-content\/uploads\/2025\/03\/partner6.jpg\" alt=\"partner6\" \/><\/figure><\/div><div class=\"swiper-slide\" role=\"group\" aria-roledescription=\"slide\" aria-label=\"8 \/ 9\"><figure class=\"swiper-slide-inner\"><img decoding=\"async\" class=\"swiper-slide-image\" src=\"https:\/\/alldock.com.tr\/wp-content\/uploads\/2025\/03\/partner7.jpg\" alt=\"partner7\" \/><\/figure><\/div><div class=\"swiper-slide\" role=\"group\" aria-roledescription=\"slide\" aria-label=\"9 \/ 9\"><figure class=\"swiper-slide-inner\"><img decoding=\"async\" class=\"swiper-slide-image\" src=\"https:\/\/alldock.com.tr\/wp-content\/uploads\/2025\/03\/partner8.jpg\" alt=\"partner8\" \/><\/figure><\/div>\t\t\t<\/div>\n\t\t\t\t\t\t\t\t\t\t\t\t<div class=\"elementor-swiper-button elementor-swiper-button-prev\" role=\"button\" tabindex=\"0\">\n\t\t\t\t\t\t<svg aria-hidden=\"true\" class=\"e-font-icon-svg e-eicon-chevron-left\" viewBox=\"0 0 1000 1000\" xmlns=\"http:\/\/www.w3.org\/2000\/svg\"><path d=\"M646 125C629 125 613 133 604 142L308 442C296 454 292 471 292 487 292 504 296 521 308 533L604 854C617 867 629 875 646 875 663 875 679 871 692 858 704 846 713 829 713 812 713 796 708 779 692 767L438 487 692 225C700 217 708 204 708 187 708 171 704 154 692 142 675 129 663 125 646 125Z\"><\/path><\/svg>\t\t\t\t\t<\/div>\n\t\t\t\t\t<div class=\"elementor-swiper-button elementor-swiper-button-next\" role=\"button\" tabindex=\"0\">\n\t\t\t\t\t\t<svg aria-hidden=\"true\" class=\"e-font-icon-svg e-eicon-chevron-right\" viewBox=\"0 0 1000 1000\" xmlns=\"http:\/\/www.w3.org\/2000\/svg\"><path d=\"M696 533C708 521 713 504 713 487 713 471 708 454 696 446L400 146C388 133 375 125 354 125 338 125 325 129 313 142 300 154 292 171 292 187 292 204 296 221 308 233L563 492 304 771C292 783 288 800 288 817 288 833 296 850 308 863 321 871 338 875 354 875 371 875 388 867 400 854L696 533Z\"><\/path><\/svg>\t\t\t\t\t<\/div>\n\t\t\t\t\n\t\t\t\t\t\t\t\t\t<div class=\"swiper-pagination\"><\/div>\n\t\t\t\t\t\t\t\t\t<\/div>\n\t\t\t\t\t\t<\/div>\n\t\t\t\t<\/div>\n\t\t\t\t\t<\/div>\n\t\t\t\t<\/div>\n\t\t<div class=\"elementor-element elementor-element-22ec74e e-con-full e-flex e-con e-parent\" data-id=\"22ec74e\" data-element_type=\"container\">\n\t\t\t\t<div class=\"elementor-element elementor-element-0f331f2 elementor-widget elementor-widget-heading\" data-id=\"0f331f2\" data-element_type=\"widget\" data-widget_type=\"heading.default\">\n\t\t\t\t<div class=\"elementor-widget-container\">\n\t\t\t\t\t<div class=\"elementor-heading-title elementor-size-default\">Uluslararas\u0131 Lojistik Hizmetine Dair <br>Arad\u0131\u011f\u0131n\u0131z Her \u015eey..\n\n<\/div>\t\t\t\t<\/div>\n\t\t\t\t<\/div>\n\t\t\t\t<\/div>\n\t\t<div class=\"elementor-element elementor-element-5245a08 e-con-full e-flex e-con e-parent\" data-id=\"5245a08\" data-element_type=\"container\">\n\t\t\t\t<div class=\"elementor-element elementor-element-0677c38 elementor-widget elementor-widget-google_maps\" data-id=\"0677c38\" data-element_type=\"widget\" data-widget_type=\"google_maps.default\">\n\t\t\t\t<div class=\"elementor-widget-container\">\n\t\t\t\t\t\t\t<div class=\"elementor-custom-embed\">\n\t\t\t<iframe loading=\"lazy\"\n\t\t\t\t\tsrc=\"https:\/\/maps.google.com\/maps?q=Egemenlik%20mh.%20Ayd%C4%B1nlar%20Cd.%20No%3A%2043%20Bornova%2FI%CC%87zmir&#038;t=m&#038;z=17&#038;output=embed&#038;iwloc=near\"\n\t\t\t\t\ttitle=\"Egemenlik mh. Ayd\u0131nlar Cd. No: 43 Bornova\/I\u0307zmir\"\n\t\t\t\t\taria-label=\"Egemenlik mh. Ayd\u0131nlar Cd. No: 43 Bornova\/I\u0307zmir\"\n\t\t\t><\/iframe>\n\t\t<\/div>\n\t\t\t\t\t\t<\/div>\n\t\t\t\t<\/div>\n\t\t\t\t<\/div>\n\t\t\t\t<\/div>\n\t\t","protected":false},"excerpt":{"rendered":"<p>HAKKIMIZDA KURUMSAL ALL DOCK Nakliyat ALLDOCK Nakliyat olarak, d\u0131\u015f t\u0131caret sekt\u00f6r\u00fcndeki uzun y\u0131llara dayanan deneyimimizi, yenilik\u00e7i bir bak\u0131\u015f a\u00e7\u0131s\u0131yla birle\u015ftirerek yeni bir ba\u015flang\u0131\u00e7 yapt\u0131k. \u015eirketimiz hen\u00fcz yeni kuruldu, ancak her bir ekibimizin \u00fcyesi, uluslararas\u0131 lojistik hizmetlerinde geni\u015f bir birikime ve sekt\u00f6re dair derinlemesine bilgiye sahip profesyonellerden olu\u015fuyor. Karayolu, denizyolu ve havayolu ta\u015f\u0131mac\u0131l\u0131\u011f\u0131 gibi \u00e7e\u015fitli alanlarda [&hellip;]<\/p>\n","protected":false},"author":1,"featured_media":0,"parent":0,"menu_order":0,"comment_status":"closed","ping_status":"closed","template":"","meta":{"footnotes":""},"class_list":["post-616","page","type-page","status-publish","hentry"],"blocksy_meta":{"has_hero_section":"disabled","styles_descriptor":{"styles":{"desktop":"","tablet":"","mobile":""},"google_fonts":[],"version":6}},"_links":{"self":[{"href":"https:\/\/alldock.com.tr\/index.php\/wp-json\/wp\/v2\/pages\/616","targetHints":{"allow":["GET"]}}],"collection":[{"href":"https:\/\/alldock.com.tr\/index.php\/wp-json\/wp\/v2\/pages"}],"about":[{"href":"https:\/\/alldock.com.tr\/index.php\/wp-json\/wp\/v2\/types\/page"}],"author":[{"embeddable":true,"href":"https:\/\/alldock.com.tr\/index.php\/wp-json\/wp\/v2\/users\/1"}],"replies":[{"embeddable":true,"href":"https:\/\/alldock.com.tr\/index.php\/wp-json\/wp\/v2\/comments?post=616"}],"version-history":[{"count":52,"href":"https:\/\/alldock.com.tr\/index.php\/wp-json\/wp\/v2\/pages\/616\/revisions"}],"predecessor-version":[{"id":1765,"href":"https:\/\/alldock.com.tr\/index.php\/wp-json\/wp\/v2\/pages\/616\/revisions\/1765"}],"wp:attachment":[{"href":"https:\/\/alldock.com.tr\/index.php\/wp-json\/wp\/v2\/media?parent=616"}],"curies":[{"name":"wp","href":"https:\/\/api.w.org\/{rel}","templated":true}]}}