{"id":1596,"date":"2025-02-27T10:30:12","date_gmt":"2025-02-27T10:30:12","guid":{"rendered":"https:\/\/alldock.tr\/?page_id=1596"},"modified":"2025-03-04T11:54:39","modified_gmt":"2025-03-04T11:54:39","slug":"partnerlerimiz","status":"publish","type":"page","link":"https:\/\/alldock.com.tr\/index.php\/partnerlerimiz\/","title":{"rendered":"Partnerlerimiz"},"content":{"rendered":"\t\t<div data-elementor-type=\"wp-page\" data-elementor-id=\"1596\" class=\"elementor elementor-1596\" data-elementor-post-type=\"page\">\n\t\t\t\t<div class=\"elementor-element elementor-element-40f4236 e-flex e-con-boxed e-con e-parent\" data-id=\"40f4236\" data-element_type=\"container\">\n\t\t\t\t\t<div class=\"e-con-inner\">\n\t\t\t\t<div class=\"elementor-element elementor-element-14ba174 elementor-widget elementor-widget-heading\" data-id=\"14ba174\" data-element_type=\"widget\" data-widget_type=\"heading.default\">\n\t\t\t\t<div class=\"elementor-widget-container\">\n\t\t\t\t\t<h1 class=\"elementor-heading-title elementor-size-default\">PARTNERLER\u0130M\u0130Z<\/h1>\t\t\t\t<\/div>\n\t\t\t\t<\/div>\n\t\t\t\t\t<\/div>\n\t\t\t\t<\/div>\n\t\t<div class=\"elementor-element elementor-element-465bfcf e-flex e-con-boxed e-con e-parent\" data-id=\"465bfcf\" data-element_type=\"container\">\n\t\t\t\t\t<div class=\"e-con-inner\">\n\t\t\t\t<div class=\"elementor-element elementor-element-ad55f8d elementor-widget elementor-widget-image\" data-id=\"ad55f8d\" data-element_type=\"widget\" data-widget_type=\"image.default\">\n\t\t\t\t<div class=\"elementor-widget-container\">\n\t\t\t\t\t\t\t\t\t\t\t\t\t\t\t<img fetchpriority=\"high\" decoding=\"async\" width=\"400\" height=\"125\" src=\"https:\/\/alldock.com.tr\/wp-content\/uploads\/2025\/03\/partner0.jpg\" class=\"attachment-large size-large wp-image-1751\" alt=\"\" srcset=\"https:\/\/alldock.com.tr\/wp-content\/uploads\/2025\/03\/partner0.jpg 400w, https:\/\/alldock.com.tr\/wp-content\/uploads\/2025\/03\/partner0-300x94.jpg 300w, https:\/\/alldock.com.tr\/wp-content\/uploads\/2025\/03\/partner0-200x63.jpg 200w\" sizes=\"(max-width: 400px) 100vw, 400px\" \/>\t\t\t\t\t\t\t\t\t\t\t\t\t\t\t<\/div>\n\t\t\t\t<\/div>\n\t\t\t\t<div class=\"elementor-element elementor-element-e7610fb elementor-widget elementor-widget-image\" data-id=\"e7610fb\" data-element_type=\"widget\" data-widget_type=\"image.default\">\n\t\t\t\t<div class=\"elementor-widget-container\">\n\t\t\t\t\t\t\t\t\t\t\t\t\t\t\t<img decoding=\"async\" width=\"400\" height=\"125\" src=\"https:\/\/alldock.com.tr\/wp-content\/uploads\/2025\/03\/partner1.jpg\" class=\"attachment-large size-large wp-image-1752\" alt=\"\" srcset=\"https:\/\/alldock.com.tr\/wp-content\/uploads\/2025\/03\/partner1.jpg 400w, https:\/\/alldock.com.tr\/wp-content\/uploads\/2025\/03\/partner1-300x94.jpg 300w, https:\/\/alldock.com.tr\/wp-content\/uploads\/2025\/03\/partner1-200x63.jpg 200w\" sizes=\"(max-width: 400px) 100vw, 400px\" \/>\t\t\t\t\t\t\t\t\t\t\t\t\t\t\t<\/div>\n\t\t\t\t<\/div>\n\t\t\t\t<div class=\"elementor-element elementor-element-5d2ac64 elementor-widget elementor-widget-image\" data-id=\"5d2ac64\" data-element_type=\"widget\" data-widget_type=\"image.default\">\n\t\t\t\t<div class=\"elementor-widget-container\">\n\t\t\t\t\t\t\t\t\t\t\t\t\t\t\t<img decoding=\"async\" width=\"400\" height=\"125\" src=\"https:\/\/alldock.com.tr\/wp-content\/uploads\/2025\/03\/partner2.jpg\" class=\"attachment-large size-large wp-image-1753\" alt=\"\" srcset=\"https:\/\/alldock.com.tr\/wp-content\/uploads\/2025\/03\/partner2.jpg 400w, https:\/\/alldock.com.tr\/wp-content\/uploads\/2025\/03\/partner2-300x94.jpg 300w, https:\/\/alldock.com.tr\/wp-content\/uploads\/2025\/03\/partner2-200x63.jpg 200w\" sizes=\"(max-width: 400px) 100vw, 400px\" \/>\t\t\t\t\t\t\t\t\t\t\t\t\t\t\t<\/div>\n\t\t\t\t<\/div>\n\t\t\t\t\t<\/div>\n\t\t\t\t<\/div>\n\t\t<div class=\"elementor-element elementor-element-cc02d71 e-flex e-con-boxed e-con e-parent\" data-id=\"cc02d71\" data-element_type=\"container\">\n\t\t\t\t\t<div class=\"e-con-inner\">\n\t\t\t\t<div class=\"elementor-element elementor-element-98e6207 elementor-widget elementor-widget-image\" data-id=\"98e6207\" data-element_type=\"widget\" data-widget_type=\"image.default\">\n\t\t\t\t<div class=\"elementor-widget-container\">\n\t\t\t\t\t\t\t\t\t\t\t\t\t\t\t<img loading=\"lazy\" decoding=\"async\" width=\"400\" height=\"125\" src=\"https:\/\/alldock.com.tr\/wp-content\/uploads\/2025\/03\/partner3.jpg\" class=\"attachment-large size-large wp-image-1754\" alt=\"\" srcset=\"https:\/\/alldock.com.tr\/wp-content\/uploads\/2025\/03\/partner3.jpg 400w, https:\/\/alldock.com.tr\/wp-content\/uploads\/2025\/03\/partner3-300x94.jpg 300w, https:\/\/alldock.com.tr\/wp-content\/uploads\/2025\/03\/partner3-200x63.jpg 200w\" sizes=\"(max-width: 400px) 100vw, 400px\" \/>\t\t\t\t\t\t\t\t\t\t\t\t\t\t\t<\/div>\n\t\t\t\t<\/div>\n\t\t\t\t<div class=\"elementor-element elementor-element-9324a98 elementor-widget elementor-widget-image\" data-id=\"9324a98\" data-element_type=\"widget\" data-widget_type=\"image.default\">\n\t\t\t\t<div class=\"elementor-widget-container\">\n\t\t\t\t\t\t\t\t\t\t\t\t\t\t\t<img loading=\"lazy\" decoding=\"async\" width=\"400\" height=\"125\" src=\"https:\/\/alldock.com.tr\/wp-content\/uploads\/2025\/03\/partner4.jpg\" class=\"attachment-large size-large wp-image-1755\" alt=\"\" srcset=\"https:\/\/alldock.com.tr\/wp-content\/uploads\/2025\/03\/partner4.jpg 400w, https:\/\/alldock.com.tr\/wp-content\/uploads\/2025\/03\/partner4-300x94.jpg 300w, https:\/\/alldock.com.tr\/wp-content\/uploads\/2025\/03\/partner4-200x63.jpg 200w\" sizes=\"(max-width: 400px) 100vw, 400px\" \/>\t\t\t\t\t\t\t\t\t\t\t\t\t\t\t<\/div>\n\t\t\t\t<\/div>\n\t\t\t\t<div class=\"elementor-element elementor-element-75f2c0f elementor-widget elementor-widget-image\" data-id=\"75f2c0f\" data-element_type=\"widget\" data-widget_type=\"image.default\">\n\t\t\t\t<div class=\"elementor-widget-container\">\n\t\t\t\t\t\t\t\t\t\t\t\t\t\t\t<img loading=\"lazy\" decoding=\"async\" width=\"400\" height=\"125\" src=\"https:\/\/alldock.com.tr\/wp-content\/uploads\/2025\/03\/partner5.jpg\" class=\"attachment-large size-large wp-image-1756\" alt=\"\" srcset=\"https:\/\/alldock.com.tr\/wp-content\/uploads\/2025\/03\/partner5.jpg 400w, https:\/\/alldock.com.tr\/wp-content\/uploads\/2025\/03\/partner5-300x94.jpg 300w, https:\/\/alldock.com.tr\/wp-content\/uploads\/2025\/03\/partner5-200x63.jpg 200w\" sizes=\"(max-width: 400px) 100vw, 400px\" \/>\t\t\t\t\t\t\t\t\t\t\t\t\t\t\t<\/div>\n\t\t\t\t<\/div>\n\t\t\t\t\t<\/div>\n\t\t\t\t<\/div>\n\t\t<div class=\"elementor-element elementor-element-2ce03c7 e-flex e-con-boxed e-con e-parent\" data-id=\"2ce03c7\" data-element_type=\"container\">\n\t\t\t\t\t<div class=\"e-con-inner\">\n\t\t\t\t<div class=\"elementor-element elementor-element-5cec802 elementor-widget elementor-widget-image\" data-id=\"5cec802\" data-element_type=\"widget\" data-widget_type=\"image.default\">\n\t\t\t\t<div class=\"elementor-widget-container\">\n\t\t\t\t\t\t\t\t\t\t\t\t\t\t\t<img loading=\"lazy\" decoding=\"async\" width=\"400\" height=\"125\" src=\"https:\/\/alldock.com.tr\/wp-content\/uploads\/2025\/03\/partner6.jpg\" class=\"attachment-large size-large wp-image-1757\" alt=\"\" srcset=\"https:\/\/alldock.com.tr\/wp-content\/uploads\/2025\/03\/partner6.jpg 400w, https:\/\/alldock.com.tr\/wp-content\/uploads\/2025\/03\/partner6-300x94.jpg 300w, https:\/\/alldock.com.tr\/wp-content\/uploads\/2025\/03\/partner6-200x63.jpg 200w\" sizes=\"(max-width: 400px) 100vw, 400px\" \/>\t\t\t\t\t\t\t\t\t\t\t\t\t\t\t<\/div>\n\t\t\t\t<\/div>\n\t\t\t\t<div class=\"elementor-element elementor-element-185f68d elementor-widget elementor-widget-image\" data-id=\"185f68d\" data-element_type=\"widget\" data-widget_type=\"image.default\">\n\t\t\t\t<div class=\"elementor-widget-container\">\n\t\t\t\t\t\t\t\t\t\t\t\t\t\t\t<img loading=\"lazy\" decoding=\"async\" width=\"400\" height=\"125\" src=\"https:\/\/alldock.com.tr\/wp-content\/uploads\/2025\/03\/partner7.jpg\" class=\"attachment-large size-large wp-image-1758\" alt=\"\" srcset=\"https:\/\/alldock.com.tr\/wp-content\/uploads\/2025\/03\/partner7.jpg 400w, https:\/\/alldock.com.tr\/wp-content\/uploads\/2025\/03\/partner7-300x94.jpg 300w, https:\/\/alldock.com.tr\/wp-content\/uploads\/2025\/03\/partner7-200x63.jpg 200w\" sizes=\"(max-width: 400px) 100vw, 400px\" \/>\t\t\t\t\t\t\t\t\t\t\t\t\t\t\t<\/div>\n\t\t\t\t<\/div>\n\t\t\t\t<div class=\"elementor-element elementor-element-b681fa7 elementor-widget elementor-widget-image\" data-id=\"b681fa7\" data-element_type=\"widget\" data-widget_type=\"image.default\">\n\t\t\t\t<div class=\"elementor-widget-container\">\n\t\t\t\t\t\t\t\t\t\t\t\t\t\t\t<img loading=\"lazy\" decoding=\"async\" width=\"400\" height=\"125\" src=\"https:\/\/alldock.com.tr\/wp-content\/uploads\/2025\/03\/partner8.jpg\" class=\"attachment-large size-large wp-image-1759\" alt=\"\" srcset=\"https:\/\/alldock.com.tr\/wp-content\/uploads\/2025\/03\/partner8.jpg 400w, https:\/\/alldock.com.tr\/wp-content\/uploads\/2025\/03\/partner8-300x94.jpg 300w, https:\/\/alldock.com.tr\/wp-content\/uploads\/2025\/03\/partner8-200x63.jpg 200w\" sizes=\"(max-width: 400px) 100vw, 400px\" \/>\t\t\t\t\t\t\t\t\t\t\t\t\t\t\t<\/div>\n\t\t\t\t<\/div>\n\t\t\t\t\t<\/div>\n\t\t\t\t<\/div>\n\t\t<div class=\"elementor-element elementor-element-22ec74e e-con-full e-flex e-con e-parent\" data-id=\"22ec74e\" data-element_type=\"container\">\n\t\t\t\t<div class=\"elementor-element elementor-element-0f331f2 elementor-widget elementor-widget-heading\" data-id=\"0f331f2\" data-element_type=\"widget\" data-widget_type=\"heading.default\">\n\t\t\t\t<div class=\"elementor-widget-container\">\n\t\t\t\t\t<div class=\"elementor-heading-title elementor-size-default\">Uluslararas\u0131 Lojistik Hizmetine Dair <br>Arad\u0131\u011f\u0131n\u0131z Her \u015eey..\n\n<\/div>\t\t\t\t<\/div>\n\t\t\t\t<\/div>\n\t\t\t\t<\/div>\n\t\t<div class=\"elementor-element elementor-element-5245a08 e-con-full e-flex e-con e-parent\" data-id=\"5245a08\" data-element_type=\"container\">\n\t\t\t\t<div class=\"elementor-element elementor-element-0677c38 elementor-widget elementor-widget-google_maps\" data-id=\"0677c38\" data-element_type=\"widget\" data-widget_type=\"google_maps.default\">\n\t\t\t\t<div class=\"elementor-widget-container\">\n\t\t\t\t\t\t\t<div class=\"elementor-custom-embed\">\n\t\t\t<iframe loading=\"lazy\"\n\t\t\t\t\tsrc=\"https:\/\/maps.google.com\/maps?q=Egemenlik%20mh.%20Ayd%C4%B1nlar%20Cd.%20No%3A%2043%20Bornova%2FI%CC%87zmir&#038;t=m&#038;z=17&#038;output=embed&#038;iwloc=near\"\n\t\t\t\t\ttitle=\"Egemenlik mh. Ayd\u0131nlar Cd. No: 43 Bornova\/I\u0307zmir\"\n\t\t\t\t\taria-label=\"Egemenlik mh. Ayd\u0131nlar Cd. No: 43 Bornova\/I\u0307zmir\"\n\t\t\t><\/iframe>\n\t\t<\/div>\n\t\t\t\t\t\t<\/div>\n\t\t\t\t<\/div>\n\t\t\t\t<\/div>\n\t\t\t\t<\/div>\n\t\t","protected":false},"excerpt":{"rendered":"<p>PARTNERLER\u0130M\u0130Z Uluslararas\u0131 Lojistik Hizmetine Dair Arad\u0131\u011f\u0131n\u0131z Her \u015eey..<\/p>\n","protected":false},"author":1,"featured_media":0,"parent":0,"menu_order":0,"comment_status":"closed","ping_status":"closed","template":"","meta":{"footnotes":""},"class_list":["post-1596","page","type-page","status-publish","hentry"],"blocksy_meta":{"has_hero_section":"disabled","styles_descriptor":{"styles":{"desktop":"","tablet":"","mobile":""},"google_fonts":[],"version":6}},"_links":{"self":[{"href":"https:\/\/alldock.com.tr\/index.php\/wp-json\/wp\/v2\/pages\/1596","targetHints":{"allow":["GET"]}}],"collection":[{"href":"https:\/\/alldock.com.tr\/index.php\/wp-json\/wp\/v2\/pages"}],"about":[{"href":"https:\/\/alldock.com.tr\/index.php\/wp-json\/wp\/v2\/types\/page"}],"author":[{"embeddable":true,"href":"https:\/\/alldock.com.tr\/index.php\/wp-json\/wp\/v2\/users\/1"}],"replies":[{"embeddable":true,"href":"https:\/\/alldock.com.tr\/index.php\/wp-json\/wp\/v2\/comments?post=1596"}],"version-history":[{"count":13,"href":"https:\/\/alldock.com.tr\/index.php\/wp-json\/wp\/v2\/pages\/1596\/revisions"}],"predecessor-version":[{"id":1768,"href":"https:\/\/alldock.com.tr\/index.php\/wp-json\/wp\/v2\/pages\/1596\/revisions\/1768"}],"wp:attachment":[{"href":"https:\/\/alldock.com.tr\/index.php\/wp-json\/wp\/v2\/media?parent=1596"}],"curies":[{"name":"wp","href":"https:\/\/api.w.org\/{rel}","templated":true}]}}